{"id":267,"date":"2023-02-27T12:52:38","date_gmt":"2023-02-27T11:52:38","guid":{"rendered":"https:\/\/u4unity.eu\/u4u\/u4u-general-meetings\/"},"modified":"2026-02-19T08:32:51","modified_gmt":"2026-02-19T07:32:51","slug":"u4u-general-meetings","status":"publish","type":"page","link":"https:\/\/u4unity.eu\/en\/u4u\/u4u-general-meetings\/","title":{"rendered":"U4U General Meetings"},"content":{"rendered":"\n<p><\/p>\n\n\n\n<h2 class=\"wp-block-heading\"><span class=\"ez-toc-section\" id=\"general-meeting-2026\"><\/span>General meeting 2026<span class=\"ez-toc-section-end\"><\/span><\/h2>\n\n\n\n<ul class=\"wp-block-list\">\n<li><a href=\"https:\/\/u4unity.eu\/wp-content\/uploads\/2025\/03\/U4U_Tresor162024.pdf\" target=\"_blank\" rel=\"noreferrer noopener\">Rapport financier pour 2024 Financial report 2024<\/a><\/li>\n\n\n\n<li><a href=\"https:\/\/u4unity.eu\/wp-content\/uploads\/2026\/02\/U4U_Tresor172025.pdf\">Rapport financier pou<\/a><a href=\"https:\/\/u4unity.eu\/wp-content\/uploads\/2026\/02\/U4U_Tresor172025.pdf\" target=\"_blank\" rel=\"noreferrer noopener\">r<\/a><a href=\"https:\/\/u4unity.eu\/wp-content\/uploads\/2026\/02\/U4U_Tresor172025.pdf\">\u00a02025 Financial report 2025<\/a><\/li>\n<\/ul>\n\n\n\n<div class=\"wp-block-uagb-separator uagb-block-0c861c16\"><div class=\"wp-block-uagb-separator__inner\" style=\"--my-background-image:\"><\/div><\/div>\n\n\n\n<h2 class=\"wp-block-heading\"><span class=\"ez-toc-section\" id=\"extraordinary-general-meeting-march-2025-20th\"><\/span>Extraordinary General Meeting March 2025, 20th<span class=\"ez-toc-section-end\"><\/span><\/h2>\n\n\n\n<p><strong>U4U membership fee increase<\/strong><\/p>\n\n\n\n<p>The Board of Directors, at the suggestion of the Union Council, has approved an increase in our membership dues.<\/p>\n\n\n\n<ul class=\"wp-block-list\">\n<li>The basic fee would rise from 30 euros a year to 40 euros a year.<\/li>\n\n\n\n<li>The support fee would rise from 108 euros a year (9 euros a month) to 120 euros a year (10 euros a month).<\/li>\n<\/ul>\n\n\n\n<p><strong>Rationale:<\/strong><\/p>\n\n\n\n<ul class=\"wp-block-list\">\n<li>The last increase was 4 years ago;<\/li>\n\n\n\n<li>Our salaries are among the lowest, if not the lowest, of all employee unions;<\/li>\n\n\n\n<li>The increase in our activities due to the development of our organization on several sites necessitates partial \u201coutsourcing\u201d of our activities, which has a cost: websites, accounting, production of the Link, quasi-annual election campaigns, etc. This cost must be financed. ;<\/li>\n\n\n\n<li>The number of services provided is growing in quantity and quality: legal services (4 or 5 lawyers) for tax and legal analysis, production of a Link 10 times a year (almost monthly), numerous public conferences, missions to the various sites where we are present to meet members and all staff, election campaign material (posters, brochures&#8230;), etc.<\/li>\n<\/ul>\n\n\n\n<p>In accordance with article 12 of the Articles of Association, a resolution is submitted to the vote of the U4U EGM:<\/p>\n\n\n\n<p><strong>Single resolution:<\/strong><\/p>\n\n\n\n<p>The GM sets the basic membership fee at \u20ac40 per year and the support fee at \u20ac10 per month.<\/p>\n\n\n\n<h3 class=\"wp-block-heading\">Vote process<\/h3>\n\n\n\n<p><a href=\"https:\/\/u4unity.eu\/wp-content\/uploads\/2025\/02\/AGE_2025_Convocation.htm\" target=\"_blank\" rel=\"noreferrer noopener\">Convocation<\/a><\/p>\n\n\n\n<p><a href=\"https:\/\/u4unity.eu\/wp-content\/uploads\/2025\/02\/AGE_2025_invitationVote.htm\" target=\"_blank\" rel=\"noreferrer noopener\">Invitation to vote<\/a> (the active link is only sent to members in good standing)<\/p>\n\n\n\n<p><a href=\"https:\/\/u4unity.eu\/wp-content\/uploads\/2025\/03\/AGE_20250320_copmpterendu.pdf\" target=\"_blank\" rel=\"noreferrer noopener\">Minutes of the EGM<\/a>   The resolution is adopted<\/p>\n\n\n\n<div class=\"wp-block-uagb-separator uagb-block-f2803895\"><div class=\"wp-block-uagb-separator__inner\" style=\"--my-background-image:\"><\/div><\/div>\n\n\n\n<h2 class=\"wp-block-heading\"><span class=\"ez-toc-section\" id=\"year-2021-23-2024-gm\"><\/span>Year 2021-23 (2024 GM)<span class=\"ez-toc-section-end\"><\/span><\/h2>\n\n\n\n<h4 class=\"wp-block-heading\">Ordinary General Meeting 2024<\/h4>\n\n\n\n<p> You may find all documents relating to the OGM 2024 on the FR page (hit FR on the above header).<\/p>\n\n\n\n<ul class=\"wp-block-list\">\n<li><a href=\"https:\/\/u4unity.eu\/document3\/U4U_Tresor12(2020).pdf\">Rapport financier pour 2020<\/a> Financial Report 2020<\/li>\n\n\n\n<li><a rel=\"noreferrer noopener\" href=\"https:\/\/u4unity.eu\/document3\/U4U_Tresor13(2021).pdf\" target=\"_blank\">Rapport financier pour 2021<\/a> Financial report 2021<\/li>\n\n\n\n<li><a href=\"https:\/\/u4unity.eu\/document3\/U4U_Tresor14(2022).pdf\" target=\"_blank\" rel=\"noreferrer noopener\">Rapport financier pour 2022<\/a> Financial report 2022<\/li>\n\n\n\n<li><a href=\"https:\/\/u4unity.eu\/wp-content\/uploads\/2024\/02\/U4U_Tresor152023.pdf\" target=\"_blank\" rel=\"noreferrer noopener\">Rapport financier pour 2023<\/a>&nbsp;Financial report 2023<\/li>\n\n\n\n<li><a href=\"https:\/\/u4unity.eu\/wp-content\/uploads\/2023\/10\/Budget2023.pdf\">Budget 2023<\/a><\/li>\n\n\n\n<li><a href=\"https:\/\/u4unity.eu\/wp-content\/uploads\/2024\/02\/Budget2024.pdf\" target=\"_blank\" rel=\"noreferrer noopener\">Budget 2024<\/a><\/li>\n<\/ul>\n\n\n\n<p><strong>Resolutions<\/strong><\/p>\n\n\n\n<p>Resolution no. 1 &#8211; The General Meeting approves the moral report (activity report) presented by the Board of Directors on the Association&#8217;s activities during the past period.<\/p>\n\n\n\n<p>Resolution no. 2 &#8211; The General Meeting approves the reports appended to the moral report presented by the Board of Directors. <\/p>\n\n\n\n<p>Resolution no. 3 &#8211; The General Meeting gives a mandate to the Board of Directors to study the organic rapprochement between USHU and U4U within the Regroupement Syndical or another structure.<\/p>\n\n\n\n<p>Resolution no. 4 &#8211; The General Meeting approves the financial reports for 2020, 2021, 2022 and 2023 and grants discharge to the outgoing Board of Directors.<\/p>\n\n\n\n<p>Resolution no. 5 &#8211; The General Meeting approves the 2024-25 budget.<\/p>\n\n\n\n<p>Resolution no. 6 &#8211; The General Meeting sets the annual ordinary membership fee at \u20ac30 and the annual support fee at \u20ac108.<\/p>\n\n\n\n<p>Resolution no. 7 &#8211; The General Meeting waives the appointment of Statutory Auditors.<\/p>\n\n\n\n<p>Resolution no. 8 &#8211; The General Meeting temporarily amends article 6 of the internal regulations for the sole Board elected at this AGM, setting the number of directors at a maximum of thirty. In order to be adopted, this resolution requires a majority of at least sixty percent (60%) of the members who voted in the electronic referendum, in accordance with art. 21 of the Articles of Association.<\/p>\n\n\n\n<p>Resolution no. 9 &#8211; The General Meeting sets the number of directors at a maximum of thirty (if resolution 8 is passed, otherwise at twenty), the number of associate directors at a maximum of twenty, and the number of members of the Disputes Committee at a maximum of five.<\/p>\n\n\n\n<div class=\"wp-block-uagb-separator uagb-block-2300268c\"><div class=\"wp-block-uagb-separator__inner\" style=\"--my-background-image:\"><\/div><\/div>\n\n\n\n<h2 class=\"wp-block-heading\"><span class=\"ez-toc-section\" id=\"year-2021-egm\"><\/span>Year 2021 (EGM)<span class=\"ez-toc-section-end\"><\/span><\/h2>\n\n\n\n<h3 class=\"wp-block-heading\">Extraordinary General Meeting&nbsp; 25\/05\/2021<\/h3>\n\n\n\n<p><a href=\"https:\/\/u4unity.eu\/election\/AGE202105\/U4U_AGE202105_message.htm\">Note d&#8217;information &#8211; Information notice<\/a><\/p>\n\n\n\n<h3 class=\"wp-block-heading\">Proposed resolution :<\/h3>\n\n\n\n<p>R\u00e9solution unique &#8211; L&#8217;assembl\u00e9e g\u00e9n\u00e9rale fixe la cotisation \u00e0 U4U \u00e0 :<\/p>\n\n\n\n<ul class=\"wp-block-list\">\n<li>Cotisation ordinaire : 30\u20ac par an <\/li>\n\n\n\n<li>Cotisation de soutien : 9\u20ac par mois soit 108\u20ac par an.<\/li>\n<\/ul>\n\n\n\n<p>Sole resolution &#8211; The General Meeting sets the membership fee for U4U at :<\/p>\n\n\n\n<ul class=\"wp-block-list\">\n<li>Basic fee : 30\u20ac per annum<\/li>\n\n\n\n<li>Sponsorship fee : 9\u20ac per month i.e. 108\u20ac per annum.<\/li>\n<\/ul>\n\n\n\n<p><a href=\"https:\/\/u4unity.eu\/election\/AGE202105\/U4U_AISBL_AGE_202105_cr.pdf\" target=\"_blank\" rel=\"noreferrer noopener\">Minutes of the EGM<\/a><\/p>\n\n\n\n<p><\/p>\n\n\n\n<h2 class=\"wp-block-heading\"><span class=\"ez-toc-section\" id=\"year-2019-20-2020-gm\"><\/span>Year 2019-20 (2020 GM)<span class=\"ez-toc-section-end\"><\/span><\/h2>\n\n\n\n<h3 class=\"wp-block-heading\">Ordinary General Meeting 2020<\/h3>\n\n\n\n<p>En date du 18 novembre 2020 sous forme \u00e9lectronique (titre VII 2 des Statuts). On November 2020, 18th, in electronic form;<\/p>\n\n\n\n<h3 class=\"wp-block-heading\">Documents and resolutions<\/h3>\n\n\n\n<ul class=\"wp-block-list\">\n<li><a rel=\"noreferrer noopener\" href=\"https:\/\/u4unity.eu\/election\/AGO2020\/U4U_AISBL_AGO2020_RapportMoral.pdf\" target=\"_blank\">Rapport d&#8217;activit\u00e9<\/a><\/li>\n\n\n\n<li><a rel=\"noreferrer noopener\" href=\"https:\/\/u4unity.eu\/election\/AGO2020\/U4U_AISBL_AGO2020_RapportMoral_EN.pdf\" target=\"_blank\">Activity report EN translation<\/a><\/li>\n\n\n\n<li><a rel=\"noreferrer noopener\" href=\"https:\/\/u4unity.eu\/document\/U4U_Tresor11(2019).pdf\" target=\"_blank\">Rapport financier pour 2019<\/a> Financial report 2019<\/li>\n\n\n\n<li><a href=\"https:\/\/u4unity.eu\/document\/U4U_Tresor10(2018).pdf\">Rapport financier pour 2018<\/a> Financial report 2018<\/li>\n\n\n\n<li><a rel=\"noreferrer noopener\" href=\"https:\/\/u4unity.eu\/document3\/U4U_AISBL_Budget2021.pdf\" target=\"_blank\">Budget 2021<\/a> Budget 2021<\/li>\n<\/ul>\n\n\n\n<h3 class=\"wp-block-heading\">Proposed resolutions :<\/h3>\n\n\n\n<ul class=\"wp-block-list\">\n<li>Resolution n\u00b01 &#8211; The General Meeting approves the activity report presented by the Board of Directors on the activities of the Association during the past period.<\/li>\n\n\n\n<li>Resolution n\u00b02 &#8211; The General Assembly approves the financial report and gives the discharge of its management to the outgoing Board of Directors.<\/li>\n\n\n\n<li>Resolution n\u00b03 &#8211; The General Assembly approves the 2021 budget.<\/li>\n\n\n\n<li>Resolution n\u00b04 &#8211; The General Assembly sets the ordinary annual fee at 25\u20ac and the annual support fee at 84\u20ac.<\/li>\n\n\n\n<li>Resolution n\u00b05 &#8211; The General Meeting waives the appointment of Statutory Auditors.<\/li>\n\n\n\n<li>Resolution n\u00b06 &#8211; The General Meeting temporarily modifies article 6 of the internal regulations for the only Board elected under this GA, setting the number of Directors at a maximum of thirty. <em>This resolution, in order to be adopted, requires a majority of at least sixty percent (60%) of the members having voted in the electronic referendum, in accordance with art. 21 of the Articles of Association.<\/em>Resolution n\u00b07 &#8211; The general meeting sets the number of directors at a maximum of thirty (if resolution 6 is passed, otherwise at twenty), the number of associate directors at a maximum of twenty, the number of members of the Disputes Commission at a maximum of five.<\/li>\n\n\n\n<li>Resolution n\u00b08 &#8211; The General Assembly proclaims the following persons elected to the Board of Directors [according to the results of the election] and proclaims the following persons elected to the Disputes Committee [according to the results of the election].<\/li>\n<\/ul>\n\n\n\n<h3 class=\"wp-block-heading\">Candidates : Board of Directors<\/h3>\n\n\n\n<div class=\"wp-block-columns is-layout-flex wp-container-core-columns-is-layout-9d6595d7 wp-block-columns-is-layout-flex\">\n<div class=\"wp-block-column is-layout-flow wp-block-column-is-layout-flow\">\n<ul class=\"wp-block-list\">\n<li>Alcaraz Fabienne<\/li>\n\n\n\n<li>Amaducci Giulia<\/li>\n\n\n\n<li>Andreone Fabrice<\/li>\n\n\n\n<li>Brites-Nunes Margarida<\/li>\n\n\n\n<li>Busto-Saenz Izaskun<\/li>\n\n\n\n<li>Chatzipanagiotou Stavros<\/li>\n\n\n\n<li>Denis Fran\u00e7ois<\/li>\n\n\n\n<li><a rel=\"noreferrer noopener\" href=\"https:\/\/u4unity.eu\/election\/AGO2020\/GrosjeanP.pdf\" target=\"_blank\">Grosjean Patrice<\/a><\/li>\n\n\n\n<li>Islamaj Agim<\/li>\n\n\n\n<li>Juan-Linares Victor<\/li>\n<\/ul>\n<\/div>\n\n\n\n<div class=\"wp-block-column is-layout-flow wp-block-column-is-layout-flow\">\n<ul class=\"wp-block-list\">\n<li>Mairate Andrea<\/li>\n\n\n\n<li>Mavromichalis Petros<\/li>\n\n\n\n<li>Opreana Elena-Corina<\/li>\n\n\n\n<li>Ortega Montero Maria Del Carmen<\/li>\n\n\n\n<li>Petel Emmanuel<\/li>\n\n\n\n<li>Posluszna Anna<\/li>\n\n\n\n<li>Rivan Marce Bartolomeo<\/li>\n\n\n\n<li>Schneider Gregor Friedrich<\/li>\n\n\n\n<li>Sivel Eric<\/li>\n\n\n\n<li>Slama Kim<\/li>\n<\/ul>\n<\/div>\n\n\n\n<div class=\"wp-block-column is-layout-flow wp-block-column-is-layout-flow\">\n<ul class=\"wp-block-list\">\n<li>Soret Bertrand<\/li>\n\n\n\n<li><a rel=\"noreferrer noopener\" href=\"https:\/\/u4unity.eu\/election\/U4U_CA2016\/SoyerJP.pdf\" target=\"_blank\">Soyer Jean-Paul<\/a><\/li>\n\n\n\n<li>Spanoudis Evangelos<\/li>\n\n\n\n<li>Spyrou Georges<\/li>\n\n\n\n<li>Stephany Jean-Luc<\/li>\n\n\n\n<li>Verbiest Patricia<\/li>\n\n\n\n<li>Vlandas Georges<\/li>\n\n\n\n<li>Vlandas Penelope<\/li>\n\n\n\n<li>Wert Bertrand<\/li>\n<\/ul>\n<\/div>\n<\/div>\n\n\n\n<h3 class=\"wp-block-heading\">Candidates : Litigation Commission<\/h3>\n\n\n\n<ul class=\"wp-block-list\">\n<li>Cusi-Leal Ivan<\/li>\n\n\n\n<li>Kayamanidou Maria<\/li>\n\n\n\n<li>Mietzner Carmela<\/li>\n\n\n\n<li>Wouters Paul<\/li>\n<\/ul>\n\n\n\n<h4 class=\"wp-block-heading\">Electoral Process<\/h4>\n\n\n\n<ul class=\"wp-block-list\">\n<li><a rel=\"noreferrer noopener\" href=\"https:\/\/u4unity.eu\/dochtm2\/AG2020_applCand.htm\" target=\"_blank\">Appel \u00e0 candidatures<\/a> Call for candidates<\/li>\n\n\n\n<li><a href=\"https:\/\/u4unity.eu\/dochtm2\/AG2020_pubCand.htm\">Publication des candidatures<\/a> Publication of applications<\/li>\n\n\n\n<li><a rel=\"noreferrer noopener\" href=\"https:\/\/u4unity.eu\/dochtm2\/AG2020_Convocation.htm\" target=\"_blank\">Publication des documents<\/a> Publication of documents<\/li>\n<\/ul>\n\n\n\n<h4 class=\"wp-block-heading\">Voting<\/h4>\n\n\n\n<p><a href=\"https:\/\/u4unity.eu\/dochtm2\/AG2020_invitationVote.htm\">Convocation<\/a> (The active link to the ballot form will only be sent to members in good standing)<\/p>\n\n\n\n<h4 class=\"wp-block-heading\">Results of the vote<\/h4>\n\n\n\n<p><a target=\"_blank\" href=\"https:\/\/u4unity.eu\/election\/AGO2020\/U4U_AISBL_AGO2020minutes.pdf\" rel=\"noreferrer noopener\">Compte-rendu de l&#8217;AGO de 2020 &#8211; Minutes of the 2020 OGM<\/a><\/p>\n\n\n\n<p><\/p>\n","protected":false},"excerpt":{"rendered":"<p>General meeting 2026 Extraordinary General Meeting March 2025, 20th U4U membership fee increase The Board of Directors, at the suggestion of the Union Council, has approved an increase in our&hellip;&nbsp;<\/p>\n<div class=\"read-more-wrapper\"><a href=\"https:\/\/u4unity.eu\/en\/u4u\/u4u-general-meetings\/\" class=\"button button-secondary\" rel=\"bookmark\">Read More \u2192<span class=\"screen-reader-text\">U4U General Meetings<\/span><\/a><\/div>\n","protected":false},"author":1,"featured_media":0,"parent":187,"menu_order":6,"comment_status":"closed","ping_status":"closed","template":"","meta":{"_acf_changed":false,"_uag_custom_page_level_css":"","neve_meta_sidebar":"","neve_meta_container":"","neve_meta_enable_content_width":"","neve_meta_content_width":0,"neve_meta_title_alignment":"","neve_meta_author_avatar":"","neve_post_elements_order":"","neve_meta_disable_header":"","neve_meta_disable_footer":"","neve_meta_disable_title":"","neve_meta_reading_time":"","footnotes":"","_links_to":"","_links_to_target":""},"class_list":["post-267","page","type-page","status-publish","hentry"],"acf":[],"yoast_head":"<!-- This site is optimized with the Yoast SEO plugin v27.4 - https:\/\/yoast.com\/product\/yoast-seo-wordpress\/ -->\n<title>U4U General Meetings - Union for Unity<\/title>\n<meta name=\"robots\" content=\"index, follow, max-snippet:-1, max-image-preview:large, max-video-preview:-1\" \/>\n<link rel=\"canonical\" href=\"https:\/\/u4unity.eu\/en\/u4u\/u4u-general-meetings\/\" \/>\n<meta property=\"og:locale\" content=\"en_US\" \/>\n<meta property=\"og:type\" content=\"article\" \/>\n<meta property=\"og:title\" content=\"U4U General Meetings - Union for Unity\" \/>\n<meta property=\"og:description\" content=\"General meeting 2026 Extraordinary General Meeting March 2025, 20th U4U membership fee increase The Board of Directors, at the suggestion of the Union Council, has approved an increase in our&hellip;&nbsp;Read More \u2192U4U General Meetings\" \/>\n<meta property=\"og:url\" content=\"https:\/\/u4unity.eu\/en\/u4u\/u4u-general-meetings\/\" \/>\n<meta property=\"og:site_name\" content=\"Union for Unity\" \/>\n<meta property=\"article:publisher\" content=\"https:\/\/www.facebook.com\/u4unity\/\" \/>\n<meta property=\"article:modified_time\" content=\"2026-02-19T07:32:51+00:00\" \/>\n<meta name=\"twitter:card\" content=\"summary_large_image\" \/>\n<meta name=\"twitter:site\" content=\"@Union4Unity\" \/>\n<meta name=\"twitter:label1\" content=\"Est. reading time\" \/>\n\t<meta name=\"twitter:data1\" content=\"6 minutes\" \/>\n<script type=\"application\/ld+json\" class=\"yoast-schema-graph\">{\"@context\":\"https:\\\/\\\/schema.org\",\"@graph\":[{\"@type\":\"WebPage\",\"@id\":\"https:\\\/\\\/u4unity.eu\\\/en\\\/u4u\\\/u4u-general-meetings\\\/\",\"url\":\"https:\\\/\\\/u4unity.eu\\\/en\\\/u4u\\\/u4u-general-meetings\\\/\",\"name\":\"U4U General Meetings - Union for Unity\",\"isPartOf\":{\"@id\":\"https:\\\/\\\/u4unity.eu\\\/en\\\/#website\"},\"datePublished\":\"2023-02-27T11:52:38+00:00\",\"dateModified\":\"2026-02-19T07:32:51+00:00\",\"breadcrumb\":{\"@id\":\"https:\\\/\\\/u4unity.eu\\\/en\\\/u4u\\\/u4u-general-meetings\\\/#breadcrumb\"},\"inLanguage\":\"en-US\",\"potentialAction\":[{\"@type\":\"ReadAction\",\"target\":[\"https:\\\/\\\/u4unity.eu\\\/en\\\/u4u\\\/u4u-general-meetings\\\/\"]}]},{\"@type\":\"BreadcrumbList\",\"@id\":\"https:\\\/\\\/u4unity.eu\\\/en\\\/u4u\\\/u4u-general-meetings\\\/#breadcrumb\",\"itemListElement\":[{\"@type\":\"ListItem\",\"position\":1,\"name\":\"Home\",\"item\":\"https:\\\/\\\/u4unity.eu\\\/en\\\/\"},{\"@type\":\"ListItem\",\"position\":2,\"name\":\"U4U\",\"item\":\"https:\\\/\\\/u4unity.eu\\\/en\\\/u4u\\\/\"},{\"@type\":\"ListItem\",\"position\":3,\"name\":\"U4U General Meetings\"}]},{\"@type\":\"WebSite\",\"@id\":\"https:\\\/\\\/u4unity.eu\\\/en\\\/#website\",\"url\":\"https:\\\/\\\/u4unity.eu\\\/en\\\/\",\"name\":\"Union for Unity\",\"description\":\"Regroupement syndical\",\"publisher\":{\"@id\":\"https:\\\/\\\/u4unity.eu\\\/en\\\/#organization\"},\"potentialAction\":[{\"@type\":\"SearchAction\",\"target\":{\"@type\":\"EntryPoint\",\"urlTemplate\":\"https:\\\/\\\/u4unity.eu\\\/en\\\/?s={search_term_string}\"},\"query-input\":{\"@type\":\"PropertyValueSpecification\",\"valueRequired\":true,\"valueName\":\"search_term_string\"}}],\"inLanguage\":\"en-US\"},{\"@type\":\"Organization\",\"@id\":\"https:\\\/\\\/u4unity.eu\\\/en\\\/#organization\",\"name\":\"Union for Unity\",\"url\":\"https:\\\/\\\/u4unity.eu\\\/en\\\/\",\"logo\":{\"@type\":\"ImageObject\",\"inLanguage\":\"en-US\",\"@id\":\"https:\\\/\\\/u4unity.eu\\\/en\\\/#\\\/schema\\\/logo\\\/image\\\/\",\"url\":\"https:\\\/\\\/u4unity.eu\\\/wp-content\\\/uploads\\\/2023\\\/01\\\/945-001-U4Unity-Logo.svg\",\"contentUrl\":\"https:\\\/\\\/u4unity.eu\\\/wp-content\\\/uploads\\\/2023\\\/01\\\/945-001-U4Unity-Logo.svg\",\"width\":571,\"height\":485,\"caption\":\"Union for Unity\"},\"image\":{\"@id\":\"https:\\\/\\\/u4unity.eu\\\/en\\\/#\\\/schema\\\/logo\\\/image\\\/\"},\"sameAs\":[\"https:\\\/\\\/www.facebook.com\\\/u4unity\\\/\",\"https:\\\/\\\/x.com\\\/Union4Unity\",\"https:\\\/\\\/youtube.com\\\/@Unionforunity\"]}]}<\/script>\n<!-- \/ Yoast SEO plugin. -->","yoast_head_json":{"title":"U4U General Meetings - Union for Unity","robots":{"index":"index","follow":"follow","max-snippet":"max-snippet:-1","max-image-preview":"max-image-preview:large","max-video-preview":"max-video-preview:-1"},"canonical":"https:\/\/u4unity.eu\/en\/u4u\/u4u-general-meetings\/","og_locale":"en_US","og_type":"article","og_title":"U4U General Meetings - Union for Unity","og_description":"General meeting 2026 Extraordinary General Meeting March 2025, 20th U4U membership fee increase The Board of Directors, at the suggestion of the Union Council, has approved an increase in our&hellip;&nbsp;Read More \u2192U4U General Meetings","og_url":"https:\/\/u4unity.eu\/en\/u4u\/u4u-general-meetings\/","og_site_name":"Union for Unity","article_publisher":"https:\/\/www.facebook.com\/u4unity\/","article_modified_time":"2026-02-19T07:32:51+00:00","twitter_card":"summary_large_image","twitter_site":"@Union4Unity","twitter_misc":{"Est. reading time":"6 minutes"},"schema":{"@context":"https:\/\/schema.org","@graph":[{"@type":"WebPage","@id":"https:\/\/u4unity.eu\/en\/u4u\/u4u-general-meetings\/","url":"https:\/\/u4unity.eu\/en\/u4u\/u4u-general-meetings\/","name":"U4U General Meetings - Union for Unity","isPartOf":{"@id":"https:\/\/u4unity.eu\/en\/#website"},"datePublished":"2023-02-27T11:52:38+00:00","dateModified":"2026-02-19T07:32:51+00:00","breadcrumb":{"@id":"https:\/\/u4unity.eu\/en\/u4u\/u4u-general-meetings\/#breadcrumb"},"inLanguage":"en-US","potentialAction":[{"@type":"ReadAction","target":["https:\/\/u4unity.eu\/en\/u4u\/u4u-general-meetings\/"]}]},{"@type":"BreadcrumbList","@id":"https:\/\/u4unity.eu\/en\/u4u\/u4u-general-meetings\/#breadcrumb","itemListElement":[{"@type":"ListItem","position":1,"name":"Home","item":"https:\/\/u4unity.eu\/en\/"},{"@type":"ListItem","position":2,"name":"U4U","item":"https:\/\/u4unity.eu\/en\/u4u\/"},{"@type":"ListItem","position":3,"name":"U4U General Meetings"}]},{"@type":"WebSite","@id":"https:\/\/u4unity.eu\/en\/#website","url":"https:\/\/u4unity.eu\/en\/","name":"Union for Unity","description":"Regroupement syndical","publisher":{"@id":"https:\/\/u4unity.eu\/en\/#organization"},"potentialAction":[{"@type":"SearchAction","target":{"@type":"EntryPoint","urlTemplate":"https:\/\/u4unity.eu\/en\/?s={search_term_string}"},"query-input":{"@type":"PropertyValueSpecification","valueRequired":true,"valueName":"search_term_string"}}],"inLanguage":"en-US"},{"@type":"Organization","@id":"https:\/\/u4unity.eu\/en\/#organization","name":"Union for Unity","url":"https:\/\/u4unity.eu\/en\/","logo":{"@type":"ImageObject","inLanguage":"en-US","@id":"https:\/\/u4unity.eu\/en\/#\/schema\/logo\/image\/","url":"https:\/\/u4unity.eu\/wp-content\/uploads\/2023\/01\/945-001-U4Unity-Logo.svg","contentUrl":"https:\/\/u4unity.eu\/wp-content\/uploads\/2023\/01\/945-001-U4Unity-Logo.svg","width":571,"height":485,"caption":"Union for Unity"},"image":{"@id":"https:\/\/u4unity.eu\/en\/#\/schema\/logo\/image\/"},"sameAs":["https:\/\/www.facebook.com\/u4unity\/","https:\/\/x.com\/Union4Unity","https:\/\/youtube.com\/@Unionforunity"]}]}},"uagb_featured_image_src":{"full":false,"thumbnail":false,"medium":false,"medium_large":false,"large":false,"1536x1536":false,"2048x2048":false,"neve-blog":false},"uagb_author_info":{"display_name":"u4usyndic__gestion","author_link":"https:\/\/u4unity.eu\/en\/author\/u4usyndic__gestion\/"},"uagb_comment_info":0,"uagb_excerpt":"General meeting 2026 Extraordinary General Meeting March 2025, 20th U4U membership fee increase The Board of Directors, at the suggestion of the Union Council, has approved an increase in our&hellip;&nbsp;Read More \u2192U4U General Meetings","_links":{"self":[{"href":"https:\/\/u4unity.eu\/en\/wp-json\/wp\/v2\/pages\/267","targetHints":{"allow":["GET"]}}],"collection":[{"href":"https:\/\/u4unity.eu\/en\/wp-json\/wp\/v2\/pages"}],"about":[{"href":"https:\/\/u4unity.eu\/en\/wp-json\/wp\/v2\/types\/page"}],"author":[{"embeddable":true,"href":"https:\/\/u4unity.eu\/en\/wp-json\/wp\/v2\/users\/1"}],"replies":[{"embeddable":true,"href":"https:\/\/u4unity.eu\/en\/wp-json\/wp\/v2\/comments?post=267"}],"version-history":[{"count":1,"href":"https:\/\/u4unity.eu\/en\/wp-json\/wp\/v2\/pages\/267\/revisions"}],"predecessor-version":[{"id":8565,"href":"https:\/\/u4unity.eu\/en\/wp-json\/wp\/v2\/pages\/267\/revisions\/8565"}],"up":[{"embeddable":true,"href":"https:\/\/u4unity.eu\/en\/wp-json\/wp\/v2\/pages\/187"}],"wp:attachment":[{"href":"https:\/\/u4unity.eu\/en\/wp-json\/wp\/v2\/media?parent=267"}],"curies":[{"name":"wp","href":"https:\/\/api.w.org\/{rel}","templated":true}]}}