{"id":279,"date":"2023-02-27T12:52:39","date_gmt":"2023-02-27T11:52:39","guid":{"rendered":"https:\/\/u4unity.eu\/u4u\/videos\/"},"modified":"2023-06-16T09:33:37","modified_gmt":"2023-06-16T07:33:37","slug":"videos","status":"publish","type":"page","link":"https:\/\/u4unity.eu\/en\/media\/videos\/","title":{"rendered":"Videos"},"content":{"rendered":"\n<h2 class=\"wp-block-heading\">U4U.tube<\/h2>\n\n\n\n<p>On this page, find <a href=\"https:\/\/www.youtube.com\/@Unionforunity\" target=\"_blank\" rel=\"noreferrer noopener\">our news videos<\/a>.<\/p>\n\n\n\n<figure class=\"wp-block-embed is-type-video is-provider-youtube wp-block-embed-youtube wp-embed-aspect-16-9 wp-has-aspect-ratio\"><div class=\"wp-block-embed__wrapper\">\n<div class=\"nv-iframe-embed\"><iframe loading=\"lazy\" title=\"Signature de laccord cadre F4E (Fusion for Energy)\" width=\"1200\" height=\"675\" src=\"https:\/\/www.youtube.com\/embed\/nz0prRmlXzs?start=205&#038;feature=oembed\" frameborder=\"0\" allow=\"accelerometer; autoplay; clipboard-write; encrypted-media; gyroscope; picture-in-picture; web-share\" allowfullscreen><\/iframe><\/div>\n<\/div><figcaption class=\"wp-element-caption\">Signature de l&#8217;accord-cadre F4E (fusion for energy) en vue d&#8217;am\u00e9liorer le dialogue social par Mr P. Schwemmer (directeur de l&#8217;agence), Mr G. Vlandas (pr\u00e9sident du syndicat U4U) et de Mr B. Macklin (pr\u00e9sident de l&#8217;Union syndicale de F4E) en pr\u00e9sence de Mr D. Ristori (directeur g\u00e9n\u00e9ral de la DG ENER) et de Mr I. Iacono (pr\u00e9sident du Comit\u00e9 Central du Personnel et vice-pr\u00e9sident du syndicat Union syndicale).<\/figcaption><\/figure>\n","protected":false},"excerpt":{"rendered":"<p>U4U.tube On this page, find our news videos.<\/p>\n","protected":false},"author":1,"featured_media":0,"parent":271,"menu_order":2,"comment_status":"closed","ping_status":"closed","template":"","meta":{"_acf_changed":false,"_uag_custom_page_level_css":"","neve_meta_sidebar":"full-width","neve_meta_container":"contained","neve_meta_enable_content_width":"on","neve_meta_content_width":100,"neve_meta_title_alignment":"","neve_meta_author_avatar":"","neve_post_elements_order":"","neve_meta_disable_header":"","neve_meta_disable_footer":"","neve_meta_disable_title":"","neve_meta_reading_time":"","footnotes":"","_links_to":"","_links_to_target":""},"class_list":["post-279","page","type-page","status-publish","hentry"],"acf":[],"yoast_head":"<!-- This site is optimized with the Yoast SEO plugin v27.3 - https:\/\/yoast.com\/product\/yoast-seo-wordpress\/ -->\n<title>Videos - Union for Unity<\/title>\n<meta name=\"robots\" content=\"index, follow, max-snippet:-1, max-image-preview:large, max-video-preview:-1\" \/>\n<link rel=\"canonical\" href=\"https:\/\/u4unity.eu\/en\/media\/videos\/\" \/>\n<meta property=\"og:locale\" content=\"en_US\" \/>\n<meta property=\"og:type\" content=\"article\" \/>\n<meta property=\"og:title\" content=\"Videos - Union for Unity\" \/>\n<meta property=\"og:description\" content=\"U4U.tube On this page, find our news videos.\" \/>\n<meta property=\"og:url\" content=\"https:\/\/u4unity.eu\/en\/media\/videos\/\" \/>\n<meta property=\"og:site_name\" content=\"Union for Unity\" \/>\n<meta property=\"article:publisher\" content=\"https:\/\/www.facebook.com\/u4unity\/\" \/>\n<meta property=\"article:modified_time\" content=\"2023-06-16T07:33:37+00:00\" \/>\n<meta name=\"twitter:card\" content=\"summary_large_image\" \/>\n<meta name=\"twitter:site\" content=\"@Union4Unity\" \/>\n<meta name=\"twitter:label1\" content=\"Est. reading time\" \/>\n\t<meta name=\"twitter:data1\" content=\"1 minute\" \/>\n<script type=\"application\/ld+json\" class=\"yoast-schema-graph\">{\"@context\":\"https:\\\/\\\/schema.org\",\"@graph\":[{\"@type\":\"WebPage\",\"@id\":\"https:\\\/\\\/u4unity.eu\\\/en\\\/media\\\/videos\\\/\",\"url\":\"https:\\\/\\\/u4unity.eu\\\/en\\\/media\\\/videos\\\/\",\"name\":\"Videos - Union for Unity\",\"isPartOf\":{\"@id\":\"https:\\\/\\\/u4unity.eu\\\/en\\\/#website\"},\"datePublished\":\"2023-02-27T11:52:39+00:00\",\"dateModified\":\"2023-06-16T07:33:37+00:00\",\"breadcrumb\":{\"@id\":\"https:\\\/\\\/u4unity.eu\\\/en\\\/media\\\/videos\\\/#breadcrumb\"},\"inLanguage\":\"en-US\",\"potentialAction\":[{\"@type\":\"ReadAction\",\"target\":[\"https:\\\/\\\/u4unity.eu\\\/en\\\/media\\\/videos\\\/\"]}]},{\"@type\":\"BreadcrumbList\",\"@id\":\"https:\\\/\\\/u4unity.eu\\\/en\\\/media\\\/videos\\\/#breadcrumb\",\"itemListElement\":[{\"@type\":\"ListItem\",\"position\":1,\"name\":\"Home\",\"item\":\"https:\\\/\\\/u4unity.eu\\\/en\\\/\"},{\"@type\":\"ListItem\",\"position\":2,\"name\":\"Media\",\"item\":\"https:\\\/\\\/u4unity.eu\\\/en\\\/media\\\/\"},{\"@type\":\"ListItem\",\"position\":3,\"name\":\"Videos\"}]},{\"@type\":\"WebSite\",\"@id\":\"https:\\\/\\\/u4unity.eu\\\/en\\\/#website\",\"url\":\"https:\\\/\\\/u4unity.eu\\\/en\\\/\",\"name\":\"Union for Unity\",\"description\":\"Regroupement syndical\",\"publisher\":{\"@id\":\"https:\\\/\\\/u4unity.eu\\\/en\\\/#organization\"},\"potentialAction\":[{\"@type\":\"SearchAction\",\"target\":{\"@type\":\"EntryPoint\",\"urlTemplate\":\"https:\\\/\\\/u4unity.eu\\\/en\\\/?s={search_term_string}\"},\"query-input\":{\"@type\":\"PropertyValueSpecification\",\"valueRequired\":true,\"valueName\":\"search_term_string\"}}],\"inLanguage\":\"en-US\"},{\"@type\":\"Organization\",\"@id\":\"https:\\\/\\\/u4unity.eu\\\/en\\\/#organization\",\"name\":\"Union for Unity\",\"url\":\"https:\\\/\\\/u4unity.eu\\\/en\\\/\",\"logo\":{\"@type\":\"ImageObject\",\"inLanguage\":\"en-US\",\"@id\":\"https:\\\/\\\/u4unity.eu\\\/en\\\/#\\\/schema\\\/logo\\\/image\\\/\",\"url\":\"https:\\\/\\\/u4unity.eu\\\/wp-content\\\/uploads\\\/2023\\\/01\\\/945-001-U4Unity-Logo.svg\",\"contentUrl\":\"https:\\\/\\\/u4unity.eu\\\/wp-content\\\/uploads\\\/2023\\\/01\\\/945-001-U4Unity-Logo.svg\",\"width\":571,\"height\":485,\"caption\":\"Union for Unity\"},\"image\":{\"@id\":\"https:\\\/\\\/u4unity.eu\\\/en\\\/#\\\/schema\\\/logo\\\/image\\\/\"},\"sameAs\":[\"https:\\\/\\\/www.facebook.com\\\/u4unity\\\/\",\"https:\\\/\\\/x.com\\\/Union4Unity\",\"https:\\\/\\\/youtube.com\\\/@Unionforunity\"]}]}<\/script>\n<!-- \/ Yoast SEO plugin. -->","yoast_head_json":{"title":"Videos - Union for Unity","robots":{"index":"index","follow":"follow","max-snippet":"max-snippet:-1","max-image-preview":"max-image-preview:large","max-video-preview":"max-video-preview:-1"},"canonical":"https:\/\/u4unity.eu\/en\/media\/videos\/","og_locale":"en_US","og_type":"article","og_title":"Videos - Union for Unity","og_description":"U4U.tube On this page, find our news videos.","og_url":"https:\/\/u4unity.eu\/en\/media\/videos\/","og_site_name":"Union for Unity","article_publisher":"https:\/\/www.facebook.com\/u4unity\/","article_modified_time":"2023-06-16T07:33:37+00:00","twitter_card":"summary_large_image","twitter_site":"@Union4Unity","twitter_misc":{"Est. reading time":"1 minute"},"schema":{"@context":"https:\/\/schema.org","@graph":[{"@type":"WebPage","@id":"https:\/\/u4unity.eu\/en\/media\/videos\/","url":"https:\/\/u4unity.eu\/en\/media\/videos\/","name":"Videos - Union for Unity","isPartOf":{"@id":"https:\/\/u4unity.eu\/en\/#website"},"datePublished":"2023-02-27T11:52:39+00:00","dateModified":"2023-06-16T07:33:37+00:00","breadcrumb":{"@id":"https:\/\/u4unity.eu\/en\/media\/videos\/#breadcrumb"},"inLanguage":"en-US","potentialAction":[{"@type":"ReadAction","target":["https:\/\/u4unity.eu\/en\/media\/videos\/"]}]},{"@type":"BreadcrumbList","@id":"https:\/\/u4unity.eu\/en\/media\/videos\/#breadcrumb","itemListElement":[{"@type":"ListItem","position":1,"name":"Home","item":"https:\/\/u4unity.eu\/en\/"},{"@type":"ListItem","position":2,"name":"Media","item":"https:\/\/u4unity.eu\/en\/media\/"},{"@type":"ListItem","position":3,"name":"Videos"}]},{"@type":"WebSite","@id":"https:\/\/u4unity.eu\/en\/#website","url":"https:\/\/u4unity.eu\/en\/","name":"Union for Unity","description":"Regroupement syndical","publisher":{"@id":"https:\/\/u4unity.eu\/en\/#organization"},"potentialAction":[{"@type":"SearchAction","target":{"@type":"EntryPoint","urlTemplate":"https:\/\/u4unity.eu\/en\/?s={search_term_string}"},"query-input":{"@type":"PropertyValueSpecification","valueRequired":true,"valueName":"search_term_string"}}],"inLanguage":"en-US"},{"@type":"Organization","@id":"https:\/\/u4unity.eu\/en\/#organization","name":"Union for Unity","url":"https:\/\/u4unity.eu\/en\/","logo":{"@type":"ImageObject","inLanguage":"en-US","@id":"https:\/\/u4unity.eu\/en\/#\/schema\/logo\/image\/","url":"https:\/\/u4unity.eu\/wp-content\/uploads\/2023\/01\/945-001-U4Unity-Logo.svg","contentUrl":"https:\/\/u4unity.eu\/wp-content\/uploads\/2023\/01\/945-001-U4Unity-Logo.svg","width":571,"height":485,"caption":"Union for Unity"},"image":{"@id":"https:\/\/u4unity.eu\/en\/#\/schema\/logo\/image\/"},"sameAs":["https:\/\/www.facebook.com\/u4unity\/","https:\/\/x.com\/Union4Unity","https:\/\/youtube.com\/@Unionforunity"]}]}},"uagb_featured_image_src":{"full":false,"thumbnail":false,"medium":false,"medium_large":false,"large":false,"1536x1536":false,"2048x2048":false,"neve-blog":false},"uagb_author_info":{"display_name":"u4usyndic__gestion","author_link":"https:\/\/u4unity.eu\/en\/author\/u4usyndic__gestion\/"},"uagb_comment_info":0,"uagb_excerpt":"U4U.tube On this page, find our news videos.","_links":{"self":[{"href":"https:\/\/u4unity.eu\/en\/wp-json\/wp\/v2\/pages\/279","targetHints":{"allow":["GET"]}}],"collection":[{"href":"https:\/\/u4unity.eu\/en\/wp-json\/wp\/v2\/pages"}],"about":[{"href":"https:\/\/u4unity.eu\/en\/wp-json\/wp\/v2\/types\/page"}],"author":[{"embeddable":true,"href":"https:\/\/u4unity.eu\/en\/wp-json\/wp\/v2\/users\/1"}],"replies":[{"embeddable":true,"href":"https:\/\/u4unity.eu\/en\/wp-json\/wp\/v2\/comments?post=279"}],"version-history":[{"count":1,"href":"https:\/\/u4unity.eu\/en\/wp-json\/wp\/v2\/pages\/279\/revisions"}],"predecessor-version":[{"id":1932,"href":"https:\/\/u4unity.eu\/en\/wp-json\/wp\/v2\/pages\/279\/revisions\/1932"}],"up":[{"embeddable":true,"href":"https:\/\/u4unity.eu\/en\/wp-json\/wp\/v2\/pages\/271"}],"wp:attachment":[{"href":"https:\/\/u4unity.eu\/en\/wp-json\/wp\/v2\/media?parent=279"}],"curies":[{"name":"wp","href":"https:\/\/api.w.org\/{rel}","templated":true}]}}